{"id":241,"date":"2020-09-12T10:39:55","date_gmt":"2020-09-12T08:39:55","guid":{"rendered":"https:\/\/kunden.ak86.de\/mindgap\/zu-meiner-person\/"},"modified":"2020-09-23T09:35:21","modified_gmt":"2020-09-23T07:35:21","slug":"about-me","status":"publish","type":"page","link":"https:\/\/mind-gap.de\/en\/about-me\/","title":{"rendered":"About me"},"content":{"rendered":"<div class=\"wpb-content-wrapper\"><p>[vc_row][vc_column][vc_column_text]<\/p>\n<h1>About me<\/h1>\n<p>[\/vc_column_text][vc_row_inner][vc_column_inner width=&#8221;1\/2&#8243;][vc_column_text]<\/p>\n<h2><strong>Professional activity<\/strong><\/h2>\n<p>[\/vc_column_text][vc_column_text]<strong>Since August 2020<br \/>\n<\/strong>Mind Gap, private practice for behavior therapy, coaching and psychological counselling in Wuppertal[\/vc_column_text][vc_single_image image=&#8221;179&#8243; img_size=&#8221;8&#215;48&#8243;][vc_column_text]<strong>2019 to 2020<br \/>\n<\/strong>Board activity in the association Psychology &amp; Health e.V.[\/vc_column_text][vc_single_image image=&#8221;179&#8243; img_size=&#8221;8&#215;48&#8243;][vc_column_text]<strong>January 2015 until August 2020<br \/>\n<\/strong>Psychotherapie am Alleenring, private practice for behavior therapy in Aachen[\/vc_column_text][vc_single_image image=&#8221;179&#8243; img_size=&#8221;8&#215;48&#8243;][vc_column_text]<strong>November 2012\u00a0 to December 2014<br \/>\n<\/strong>Psychological psychotherapist in training in the psychotherapy outpatient clinic of the Institute for Medical Psychology and Sociology of the University Hospital Aachen[\/vc_column_text][vc_single_image image=&#8221;179&#8243; img_size=&#8221;8&#215;48&#8243;][vc_column_text]<strong>September 2010 to August 2014<br \/>\n<\/strong>Psychologist in the Department of Psychiatry, Psychosomatics and Psychotherapy of Childhood and Adolescence at the University Hospital Aachen[\/vc_column_text][\/vc_column_inner][vc_column_inner width=&#8221;1\/2&#8243;][vc_column_text]<\/p>\n<h2><strong>Education and training<\/strong><\/h2>\n<p>[\/vc_column_text][vc_column_text]<strong>October 2014<br \/>\n<\/strong>Licence to practise as a psychological psychotherapist and entry in the medical register of the North Rhine Association of Statutory Health Insurance Physicians[\/vc_column_text][vc_single_image image=&#8221;179&#8243; img_size=&#8221;8&#215;48&#8243;][vc_column_text]<strong>August 2010 to August 2014<br \/>\n<\/strong>Training as a psychological psychotherapist at the Academy for Behavior Therapy (AVT) in Cologne[\/vc_column_text][vc_single_image image=&#8221;179&#8243; img_size=&#8221;8&#215;48&#8243;][vc_column_text]<strong>November 2009 to April 2010<br \/>\n<\/strong>Diploma thesis at the Chair of Clinical Neuropsychology of Childhood and Adolescence of the RWTH Aachen University under Univ.-Prof. Dr. Kerstin Konrad on the topic &#8220;Correlates of Expressed Emotion in Families\u201c[\/vc_column_text][vc_single_image image=&#8221;179&#8243; img_size=&#8221;8&#215;48&#8221;][vc_column_text]<strong>October 2005 to October 2009<br \/>\n<\/strong>Studied psychology at the Westf\u00e4lische Wilhelms-Universit\u00e4t M\u00fcnster, with a focus on &#8220;Motivational Interviewing&#8221; with HD Dr. Ralf Demmel[\/vc_column_text][\/vc_column_inner][\/vc_row_inner][\/vc_column][\/vc_row][vc_row][vc_column][vc_separator][vc_column_text]<\/p>\n<h2><strong>Continuing education and training<\/strong><\/h2>\n<ul>\n<li>Eye Movement Desensitization and Reprocessing (EMDR) according to Shapiro<\/li>\n<li>Dialectical Behavioral Therapy (DBT) according to Linehan\/Bohus<\/li>\n<li>Acceptance and commitment therapy (ACT) according to Hayes<\/li>\n<li>Schematherapy according to Young<\/li>\n<li>Trained group therapist<\/li>\n<li>Application of relaxation techniques (PMR etc.)<\/li>\n<\/ul>\n<p>[\/vc_column_text][\/vc_column][\/vc_row]<\/p>\n<\/div>","protected":false},"excerpt":{"rendered":"<p>[vc_row][vc_column][vc_column_text] About me [\/vc_column_text][vc_row_inner][vc_column_inner width=&#8221;1\/2&#8243;][vc_column_text] Professional activity [\/vc_column_text][vc_column_text]Since August 2020 Mind Gap, private practice for behavior therapy, coaching and psychological counselling in Wuppertal[\/vc_column_text][vc_single_image image=&#8221;179&#8243; img_size=&#8221;8&#215;48&#8243;][vc_column_text]2019 to 2020 Board activity in the association Psychology &amp; Health e.V.[\/vc_column_text][vc_single_image image=&#8221;179&#8243; img_size=&#8221;8&#215;48&#8243;][vc_column_text]January 2015 until August 2020 Psychotherapie am Alleenring, private practice for behavior therapy in Aachen[\/vc_column_text][vc_single_image image=&#8221;179&#8243; img_size=&#8221;8&#215;48&#8243;][vc_column_text]November 2012\u00a0 &hellip; <\/p>\n<p class=\"link-more\"><a href=\"https:\/\/mind-gap.de\/en\/about-me\/\" class=\"more-link\">Continue reading<span class=\"screen-reader-text\"> &#8220;About me&#8221;<\/span><\/a><\/p>\n","protected":false},"author":1,"featured_media":0,"parent":0,"menu_order":0,"comment_status":"closed","ping_status":"closed","template":"","meta":{"_acf_changed":false,"footnotes":""},"class_list":["post-241","page","type-page","status-publish","hentry"],"acf":[],"yoast_head":"<!-- This site is optimized with the Yoast SEO plugin v26.9 - https:\/\/yoast.com\/product\/yoast-seo-wordpress\/ -->\n<title>About me - Mind Gap - Britta Oberste-Dommes<\/title>\n<meta name=\"robots\" content=\"index, follow, max-snippet:-1, max-image-preview:large, max-video-preview:-1\" \/>\n<link rel=\"canonical\" href=\"https:\/\/mind-gap.de\/en\/about-me\/\" \/>\n<meta property=\"og:locale\" content=\"en_US\" \/>\n<meta property=\"og:type\" content=\"article\" \/>\n<meta property=\"og:title\" content=\"About me - Mind Gap - Britta Oberste-Dommes\" \/>\n<meta property=\"og:description\" content=\"[vc_row][vc_column][vc_column_text] About me [\/vc_column_text][vc_row_inner][vc_column_inner width=&#8221;1\/2&#8243;][vc_column_text] Professional activity [\/vc_column_text][vc_column_text]Since August 2020 Mind Gap, private practice for behavior therapy, coaching and psychological counselling in Wuppertal[\/vc_column_text][vc_single_image image=&#8221;179&#8243; img_size=&#8221;8&#215;48&#8243;][vc_column_text]2019 to 2020 Board activity in the association Psychology &amp; Health e.V.[\/vc_column_text][vc_single_image image=&#8221;179&#8243; img_size=&#8221;8&#215;48&#8243;][vc_column_text]January 2015 until August 2020 Psychotherapie am Alleenring, private practice for behavior therapy in Aachen[\/vc_column_text][vc_single_image image=&#8221;179&#8243; img_size=&#8221;8&#215;48&#8243;][vc_column_text]November 2012\u00a0 &hellip; Continue reading &quot;About me&quot;\" \/>\n<meta property=\"og:url\" content=\"https:\/\/mind-gap.de\/en\/about-me\/\" \/>\n<meta property=\"og:site_name\" content=\"Mind Gap - Britta Oberste-Dommes\" \/>\n<meta property=\"article:modified_time\" content=\"2020-09-23T07:35:21+00:00\" \/>\n<meta name=\"twitter:card\" content=\"summary_large_image\" \/>\n<meta name=\"twitter:label1\" content=\"Est. reading time\" \/>\n\t<meta name=\"twitter:data1\" content=\"2 minutes\" \/>\n<script type=\"application\/ld+json\" class=\"yoast-schema-graph\">{\"@context\":\"https:\/\/schema.org\",\"@graph\":[{\"@type\":\"WebPage\",\"@id\":\"https:\/\/mind-gap.de\/en\/about-me\/\",\"url\":\"https:\/\/mind-gap.de\/en\/about-me\/\",\"name\":\"About me - Mind Gap - Britta Oberste-Dommes\",\"isPartOf\":{\"@id\":\"https:\/\/mind-gap.de\/#website\"},\"datePublished\":\"2020-09-12T08:39:55+00:00\",\"dateModified\":\"2020-09-23T07:35:21+00:00\",\"breadcrumb\":{\"@id\":\"https:\/\/mind-gap.de\/en\/about-me\/#breadcrumb\"},\"inLanguage\":\"en-US\",\"potentialAction\":[{\"@type\":\"ReadAction\",\"target\":[\"https:\/\/mind-gap.de\/en\/about-me\/\"]}]},{\"@type\":\"BreadcrumbList\",\"@id\":\"https:\/\/mind-gap.de\/en\/about-me\/#breadcrumb\",\"itemListElement\":[{\"@type\":\"ListItem\",\"position\":1,\"name\":\"Startseite\",\"item\":\"https:\/\/mind-gap.de\/en\/\"},{\"@type\":\"ListItem\",\"position\":2,\"name\":\"About me\"}]},{\"@type\":\"WebSite\",\"@id\":\"https:\/\/mind-gap.de\/#website\",\"url\":\"https:\/\/mind-gap.de\/\",\"name\":\"Mind Gap - Britta Oberste-Dommes\",\"description\":\"\",\"potentialAction\":[{\"@type\":\"SearchAction\",\"target\":{\"@type\":\"EntryPoint\",\"urlTemplate\":\"https:\/\/mind-gap.de\/?s={search_term_string}\"},\"query-input\":{\"@type\":\"PropertyValueSpecification\",\"valueRequired\":true,\"valueName\":\"search_term_string\"}}],\"inLanguage\":\"en-US\"}]}<\/script>\n<!-- \/ Yoast SEO plugin. -->","yoast_head_json":{"title":"About me - Mind Gap - Britta Oberste-Dommes","robots":{"index":"index","follow":"follow","max-snippet":"max-snippet:-1","max-image-preview":"max-image-preview:large","max-video-preview":"max-video-preview:-1"},"canonical":"https:\/\/mind-gap.de\/en\/about-me\/","og_locale":"en_US","og_type":"article","og_title":"About me - Mind Gap - Britta Oberste-Dommes","og_description":"[vc_row][vc_column][vc_column_text] About me [\/vc_column_text][vc_row_inner][vc_column_inner width=&#8221;1\/2&#8243;][vc_column_text] Professional activity [\/vc_column_text][vc_column_text]Since August 2020 Mind Gap, private practice for behavior therapy, coaching and psychological counselling in Wuppertal[\/vc_column_text][vc_single_image image=&#8221;179&#8243; img_size=&#8221;8&#215;48&#8243;][vc_column_text]2019 to 2020 Board activity in the association Psychology &amp; Health e.V.[\/vc_column_text][vc_single_image image=&#8221;179&#8243; img_size=&#8221;8&#215;48&#8243;][vc_column_text]January 2015 until August 2020 Psychotherapie am Alleenring, private practice for behavior therapy in Aachen[\/vc_column_text][vc_single_image image=&#8221;179&#8243; img_size=&#8221;8&#215;48&#8243;][vc_column_text]November 2012\u00a0 &hellip; Continue reading \"About me\"","og_url":"https:\/\/mind-gap.de\/en\/about-me\/","og_site_name":"Mind Gap - Britta Oberste-Dommes","article_modified_time":"2020-09-23T07:35:21+00:00","twitter_card":"summary_large_image","twitter_misc":{"Est. reading time":"2 minutes"},"schema":{"@context":"https:\/\/schema.org","@graph":[{"@type":"WebPage","@id":"https:\/\/mind-gap.de\/en\/about-me\/","url":"https:\/\/mind-gap.de\/en\/about-me\/","name":"About me - Mind Gap - Britta Oberste-Dommes","isPartOf":{"@id":"https:\/\/mind-gap.de\/#website"},"datePublished":"2020-09-12T08:39:55+00:00","dateModified":"2020-09-23T07:35:21+00:00","breadcrumb":{"@id":"https:\/\/mind-gap.de\/en\/about-me\/#breadcrumb"},"inLanguage":"en-US","potentialAction":[{"@type":"ReadAction","target":["https:\/\/mind-gap.de\/en\/about-me\/"]}]},{"@type":"BreadcrumbList","@id":"https:\/\/mind-gap.de\/en\/about-me\/#breadcrumb","itemListElement":[{"@type":"ListItem","position":1,"name":"Startseite","item":"https:\/\/mind-gap.de\/en\/"},{"@type":"ListItem","position":2,"name":"About me"}]},{"@type":"WebSite","@id":"https:\/\/mind-gap.de\/#website","url":"https:\/\/mind-gap.de\/","name":"Mind Gap - Britta Oberste-Dommes","description":"","potentialAction":[{"@type":"SearchAction","target":{"@type":"EntryPoint","urlTemplate":"https:\/\/mind-gap.de\/?s={search_term_string}"},"query-input":{"@type":"PropertyValueSpecification","valueRequired":true,"valueName":"search_term_string"}}],"inLanguage":"en-US"}]}},"_links":{"self":[{"href":"https:\/\/mind-gap.de\/en\/wp-json\/wp\/v2\/pages\/241","targetHints":{"allow":["GET"]}}],"collection":[{"href":"https:\/\/mind-gap.de\/en\/wp-json\/wp\/v2\/pages"}],"about":[{"href":"https:\/\/mind-gap.de\/en\/wp-json\/wp\/v2\/types\/page"}],"author":[{"embeddable":true,"href":"https:\/\/mind-gap.de\/en\/wp-json\/wp\/v2\/users\/1"}],"replies":[{"embeddable":true,"href":"https:\/\/mind-gap.de\/en\/wp-json\/wp\/v2\/comments?post=241"}],"version-history":[{"count":11,"href":"https:\/\/mind-gap.de\/en\/wp-json\/wp\/v2\/pages\/241\/revisions"}],"predecessor-version":[{"id":475,"href":"https:\/\/mind-gap.de\/en\/wp-json\/wp\/v2\/pages\/241\/revisions\/475"}],"wp:attachment":[{"href":"https:\/\/mind-gap.de\/en\/wp-json\/wp\/v2\/media?parent=241"}],"curies":[{"name":"wp","href":"https:\/\/api.w.org\/{rel}","templated":true}]}}